{"id":1506,"date":"2023-12-18T19:42:05","date_gmt":"2023-12-18T19:42:05","guid":{"rendered":"https:\/\/liveandwork.central-istria.com\/?page_id=1506"},"modified":"2024-09-11T18:38:55","modified_gmt":"2024-09-11T18:38:55","slug":"gdpr","status":"publish","type":"page","link":"https:\/\/liveandwork.central-istria.com\/hr\/gdpr\/","title":{"rendered":"Politika za\u0161tite privatnosti osobnih podataka"},"content":{"rendered":"<h3 class=\"fs-md gdpr__title\">1. Uvod<\/h3>\n<p class=\"fs-base gdpr__txt\" data-v-711f7d64=\"\">Turisti\u010dka zajednica sredi\u0161nje Istre sa sjedi\u0161tem u Velog Jo\u017ee 1, HR-52000 Pazin, 26043528557 (nadalje u tekstu: Turisti\u010dka zajednica sredi\u0161nje Istre), u svom poslovanju mora prikupljati i koristiti odre\u0111ene podatke o pojedincima.<\/p>\n<p class=\"fs-base gdpr__txt\" data-v-711f7d64=\"\">Svrha ove politike je osigurati da Turisti\u010dka zajednica sredi\u0161nje Istre u potpunosti postupa u skladu s pravnim, organizacijskim i tehni\u010dkim obvezama u odnosu na za\u0161titu osobnih podataka<\/p>\n<p class=\"fs-base gdpr__txt\" data-v-711f7d64=\"\">Svi zaposlenici Turisti\u010dke zajednice sredi\u0161nje Istre su u potpunosti upoznati sa sadr\u017eajem ove politike i osiguravaju njezinu primjenu prilikom rukovanja osobnim podacima ili obrade osobnih podataka. Zaposlenici \u010diji zadaci uklju\u010duju i rukovanje osobnim podacima su adekvatno educirani u pogledu svojih zadataka u odnosu na za\u0161titu osobnih podataka.<\/p>\n<p class=\"fs-base gdpr__txt\" data-v-711f7d64=\"\">Ova politika se odnosi na sve osobne podatke koje dr\u017ei Turisti\u010dka zajednica sredi\u0161nje Istre u odnosu na bilo koju osobu, bez obzira je li bila, trenutno jest ili \u0107e biti klijent, dobavlja\u010d ili kontakt.<\/p>\n<p class=\"fs-base gdpr__txt\" data-v-711f7d64=\"\">Ova politika ja izra\u0111ena s ciljem da se sprije\u010di nastanak potencijalne \u0161tete Turisti\u010dkoj zajednici sredi\u0161nje Istre i njegovim zaposlenicima te ispitanicima i da osigura kako je obrada osobnih podataka od strane Turisti\u010dke zajednice sredi\u0161nje Istre u potpunosti u skladu sa zakonom i drugim propisima.<\/p>\n<p data-v-711f7d64=\"\">\n<h3 class=\"fs-md gdpr__title\">2. Definicija i primjena:<\/h3>\n<p class=\"fs-base gdpr__txt\" data-v-711f7d64=\"\">Osobnim podacima smatraju se svi podaci koji se odnose na pojedinca \u010diji je identitet utvr\u0111en ili se mo\u017ee utvrditi, to jest pojedinac koji se mo\u017ee identificirati izravno ili neizravno, osobito uz pomo\u0107 identifikatora kao \u0161to su ime, identifikacijski broj, podaci o lokaciji, mre\u017eni identifikator ili uz pomo\u0107 jednog ili vi\u0161e \u010dimbenika svojstvenih za fizi\u010dki, fiziolo\u0161ki, genetski, mentalni, ekonomski, kulturni ili socijalni identitet tog pojedinca.<\/p>\n<p class=\"fs-base gdpr__txt\" data-v-711f7d64=\"\">Pod obradom osobnih podataka smatra svaki postupak ili skup postupaka koji se obavljaju na osobnim podacima ili na skupovima osobnih podataka, bilo automatiziranim bilo neautomatiziranim sredstvima kao \u0161to su prikupljanje, bilje\u017eenje, organizacija, strukturiranje, pohrana, prilagodba ili izmjena, povla\u010denje, pronala\u017eenje, obavljanje uvida, uporaba ili kori\u0161tenje, otkrivanje prijenosom, \u0161irenjem, objavljivanjem ili stavljanjem na raspolaganje na drugi na\u010din, uskla\u0111ivanje ili kombiniranje, ograni\u010davanje, brisanje ili uni\u0161tavanje te provedba logi\u010dkih, matemati\u010dkih i drugih operacija s tim podacima.<\/p>\n<p class=\"fs-base gdpr__txt\" data-v-711f7d64=\"\">Osobne podatke prikuplja i obra\u0111uje prije svega radi pru\u017eanja usluga u svom poslovanju. Stoga Turisti\u010dka zajednica sredi\u0161nje Istre ima potrebu prikupljati i obra\u0111ivati odre\u0111ene vrste podataka o pojedincima koji dolaze u kontakt s Turisti\u010dkom zajednicom sredi\u0161nje Istre (ispitanici). S tim osobnim informacijama Turisti\u010dka zajednica sredi\u0161nje Istre postupa adekvatno, bez obzira kako ti podaci bili prikupljeni, zabilje\u017eeni, \u010duvani i kori\u0161teni \u2013 na papiru, ra\u010dunalu ili na drugom materijalu.<\/p>\n<p class=\"fs-base gdpr__txt\" data-v-711f7d64=\"\">U trenutku dostavljanja podataka ispitanika Turisti\u010dke zajednice sredi\u0161nje Istre, ispitanik pristaje da Turisti\u010dka zajednica sredi\u0161nje Istre obra\u0111uje njegove osobne podatke, sukladno nazna\u010denoj svrsi. Za\u0161tita privatnosti podataka ispitanika je trajna, a u svakom trenutku ispitanik mo\u017ee koristiti svoja prava koja su ni\u017ee pobrojana i obja\u0161njena<\/p>\n<p class=\"fs-base gdpr__txt\" data-v-711f7d64=\"\">Turisti\u010dka zajednica sredi\u0161nje Istre osobne podatke ispitanika prikuplja i obra\u0111uje u skladu sa Zakonom o za\u0161titi osobnih podataka (NN 103\/03, 118\/06, 41\/08, 130\/11, 106\/12), drugim hrvatskim propisima, Direktivom 95\/46\/EC i Op\u0107om uredbom i za\u0161titi osobnih podataka (GDPR) (Uredba (EU) 2016\/679 Europskog parlamenta i vije\u0107a od 27. travnja 2016.).<\/p>\n<p class=\"fs-base gdpr__txt\" data-v-711f7d64=\"\">Prikupljene podatke Turisti\u010dka zajednica sredi\u0161nje Istre \u010duva na primjeren na\u010din i osigurava njihovu povjerljivost. Turisti\u010dka zajednica sredi\u0161nje Istre prikupljene podatke ne\u0107e proslje\u0111ivati tre\u0107im osobama bez dozvole ispitanika, osim u slu\u010dajevima kada je to potrebno radi izvr\u0161avanja zakonskih obveza Turisti\u010dke zajednice sredi\u0161nje Istre, u slu\u010dajevima kada je to nu\u017eno radi ispunjenja zadataka koji se izvr\u0161avaju u javnom interesu ili u slu\u010dajevima kada je ispitanik sam objavio te podatke, kao i u drugim nadle\u017enim propisom odre\u0111enim slu\u010dajevima.<\/p>\n<p class=\"fs-base gdpr__txt\" data-v-711f7d64=\"\">Ispitanik, u pogledu osobnih podataka koje za njega obra\u0111uje Turisti\u010dka zajednica sredi\u0161nje Istre, ima sljede\u0107a prava:<\/p>\n<div class=\"gdpr__table\" data-v-711f7d64=\"\">\n<div class=\"gdpr__table-row gdpr__table-row--first-row\" data-v-711f7d64=\"\">\n<div class=\"gdpr__table-row__item\" data-v-711f7d64=\"\">\n<p class=\"fs-base gdpr__txt\" data-v-711f7d64=\"\">Prava ispitanika:<\/p>\n<\/div>\n<div class=\"gdpr__table-row__item\" data-v-711f7d64=\"\">\n<p class=\"fs-base\" data-v-711f7d64=\"\">Obja\u0161njenje<\/p>\n<\/div>\n<\/div>\n<div class=\"gdpr__table-row\" data-v-711f7d64=\"\">\n<div class=\"gdpr__table-row__item\" data-v-711f7d64=\"\">\n<p class=\"fs-base gdpr__txt\" data-v-711f7d64=\"\">Pravo na informiranost<\/p>\n<\/div>\n<div class=\"gdpr__table-row__item\" data-v-711f7d64=\"\">\n<p class=\"fs-base gdpr__txt\" data-v-711f7d64=\"\">Ispitanik ima pravo u svakom trenutku tra\u017eiti obavijest obra\u0111uju li se njegovi osobni podaci i za koju svrhu, tko je voditelj obrade, kontakt podatke slu\u017ebenika za za\u0161titu podataka, koje kategorije osobnih podataka se obra\u0111uju, na koje razdoblje se obra\u0111uju odnosno pohranjuju, tko je izvor za dobivanje njegovih osobnih podataka, tko su sve primatelji njegovih osobnih podataka, kao i pravo na obavijest o drugim njegovim pravima navedenima u ovoj politici (pravo na pristup, pravo na ispravak, pravo na brisanje, pravo na ograni\u010davanje obrade i drugo).<\/p>\n<\/div>\n<\/div>\n<div class=\"gdpr__table-row\" data-v-711f7d64=\"\">\n<div class=\"gdpr__table-row__item\" data-v-711f7d64=\"\">\n<p class=\"fs-base gdpr__txt\" data-v-711f7d64=\"\">Pravo prisupa<\/p>\n<\/div>\n<div class=\"gdpr__table-row__item\" data-v-711f7d64=\"\">\n<p class=\"fs-base gdpr__txt\" data-v-711f7d64=\"\">Ispitanik ima pravo odTuristi\u010dke zajednice sredi\u0161nje Istre dobiti potvrdu obra\u0111uju li se osobni podaci koji se na njega odnose, zatim dobiti pristup tim podacima i informacijama o: - svrsi obrade, - kategorijama osobnih podataka koji se obra\u0111uju; - primateljima ili kategorijama primatelja kojima su podaci otkriveni ili \u0107e biti otkriveni; - ako je mogu\u0107e, o razdoblju na koje se podaci pohranjuju odnosno o kriterijima pomo\u0107u kojih je mogu\u0107e utvrditi to razdoblje; - da od Turisti\u010dke zajednice sredi\u0161nje Istre zatra\u017ei ispravak ili brisanje osobnih podataka ili ograni\u010davanje obrade osobnih podataka koji se odnose na ispitanika ili prava na prigovor na takvu obradu; - pravu na podno\u0161enje pritu\u017ebe nadzornom tijelu; - ako se osobni podaci ne prikupljaju od ispitanika, svakoj dostupnoj informaciji o njihovu izvoru; - postojanju automatiziranog dono\u0161enja odluka, \u0161to uklju\u010duje izradu profila, s posljedicama.<\/p>\n<\/div>\n<\/div>\n<div class=\"gdpr__table-row\" data-v-711f7d64=\"\">\n<div class=\"gdpr__table-row__item\" data-v-711f7d64=\"\">\n<p class=\"fs-base gdpr__txt\" data-v-711f7d64=\"\">Pravo na ispravak<\/p>\n<\/div>\n<div class=\"gdpr__table-row__item\" data-v-711f7d64=\"\">\n<p class=\"fs-base gdpr__txt\" data-v-711f7d64=\"\">Ispitanik ima pravo bez nepotrebnog odga\u0111anja ishoditi od Turisti\u010dke zajednice sredi\u0161nje Istre ispravak neto\u010dnih osobnih podataka koji se na njega odnose. Ispitanik ima pravo dopuniti nepotpune osobne podatke, me\u0111u ostalim i davanjem dodatne izjave.<\/p>\n<\/div>\n<\/div>\n<div class=\"gdpr__table-row\" data-v-711f7d64=\"\">\n<div class=\"gdpr__table-row__item\" data-v-711f7d64=\"\">\n<p class=\"fs-base gdpr__txt\" data-v-711f7d64=\"\">Pravo na brisanje \/ pravo na zaborav<\/p>\n<\/div>\n<div class=\"gdpr__table-row__item\" data-v-711f7d64=\"\">\n<p class=\"fs-base gdpr__txt\" data-v-711f7d64=\"\">Ispitanik ima pravo da Turisti\u010dka zajednica sredi\u0161nje Istre bez odlaganja izbri\u0161e osobne podatke koji se na njega odnose ako osobni podaci vi\u0161e nisu nu\u017eni u odnosu na svrhe za koje su prikupljeni ili na drugi na\u010din obra\u0111eni, ako ispitanik povu\u010de privolu na kojoj se obrada temelji a ne postoji drugi pravni temelj obrade, ako ispitanik ulo\u017ei prigovor na obradu, ako su osobni podaci nezakonito obra\u0111eni, ako se osobni podaci moraju brisati radi po\u0161tovanja pravne obveze iz prava Unije ili prava dr\u017eave \u010dlanice kojem podlije\u017ee Turisti\u010dka zajednica sredi\u0161nje Istre, ako su osobni podaci prikupljeni u vezi s ponudom usluga informacijskog dru\u0161tva djetetu.<\/p>\n<p class=\"fs-base gdpr__txt\" data-v-711f7d64=\"\">Navedeno se ne primjenjuje ako je obrada nu\u017ena (i u mjeri u kojoj je nu\u017ena) radi ostvarivanja prava na slobodu izra\u017eavanja i informiranja, radi po\u0161tovanja pravne obveze kojom se zahtijeva obrada u pravu Unije ili pravu dr\u017eave \u010dlanice kojem podlije\u017ee Turisti\u010dka zajednica sredi\u0161nje Istre ili za izvr\u0161avanje zada\u0107e od javnog interesa ili pri izvr\u0161avanju slu\u017ebene ovlasti Turisti\u010dke zajednice sredi\u0161nje Istre, zbog javnog interesa u podru\u010dju javnog zdravlja, u svrhe arhiviranja u javnom interesu, u svrhe znanstvenog ili povijesnog istra\u017eivanja, radi postavljanja, ostvarivanja ili obrane pravnih zahtjeva.<\/p>\n<\/div>\n<\/div>\n<div class=\"gdpr__table-row\" data-v-711f7d64=\"\">\n<div class=\"gdpr__table-row__item\" data-v-711f7d64=\"\">\n<p class=\"fs-base gdpr__txt\" data-v-711f7d64=\"\">Pravo na podno\u0161enje prigovora nadzornom tijelu<\/p>\n<\/div>\n<div class=\"gdpr__table-row__item\" data-v-711f7d64=\"\">\n<p class=\"fs-base gdpr__txt\" data-v-711f7d64=\"\">Ispitanik ima pravo na temelju svoje posebne situacije u svakom trenutku ulo\u017eiti prigovor na obradu osobnih podataka koji se odnose na njega, uklju\u010duju\u0107i izradu profila, u slu\u010dajevima ako je obrada nu\u017ena za izvr\u0161avanje zada\u0107e od javnog interesa ili pri izvr\u0161avanju slu\u017ebene ovlasti Turisti\u010dke zajednice sredi\u0161nje Istre odnosno ako je obrada nu\u017ena za potrebe legitimnih interesa Turisti\u010dka zajednica sredi\u0161nje Istre ili tre\u0107e strane. Turisti\u010dka zajednica sredi\u0161nje Istre vi\u0161e ne smije obra\u0111ivati osobne podatke osim ako Turisti\u010dka zajednica sredi\u0161nje Istre doka\u017ee da postoje uvjerljivi legitimni razlozi za obradu koji nadilaze interese, prava i slobode ispitanika ili radi postavljanja, ostvarivanja ili obrane pravnih zahtjeva.<\/p>\n<p class=\"fs-base gdpr__txt\" data-v-711f7d64=\"\">Ako se osobni podaci obra\u0111uju za potrebe izravnog marketinga, ispitanik u svakom trenutku ima pravo ulo\u017eiti prigovor na obradu osobnih podataka koji se odnose na njega za potrebe takvog marketinga, \u0161to uklju\u010duje izradu profila u mjeri koja je povezana s takvim izravnim marketingom.<\/p>\n<\/div>\n<\/div>\n<div class=\"gdpr__table-row\" data-v-711f7d64=\"\">\n<div class=\"gdpr__table-row__item\" data-v-711f7d64=\"\">\n<p class=\"fs-base gdpr__txt\" data-v-711f7d64=\"\">Pravo na prenosivost podataka<\/p>\n<\/div>\n<div class=\"gdpr__table-row__item\" data-v-711f7d64=\"\">\n<p class=\"fs-base gdpr__txt\" data-v-711f7d64=\"\">Ispitanik ima pravo zaprimiti osobne podatke koji se odnose na njega, a koje je pru\u017eila Turisti\u010dka zajednica sredi\u0161nje Istre u strukturiranom, uobi\u010dajeno upotrebljavanom i strojnom formatu te ima pravo, bez ometanja od strane Turisti\u010dke zajednice sredi\u0161nje Istre, prenijeti te podatke drugom voditelju obrade ako se obrada temelji na njegovoj privoli i ako se obrada provodi automatiziranim putem.<\/p>\n<p class=\"fs-base gdpr__txt\" data-v-711f7d64=\"\">Ispitanik ima pravo na izravni prijenos od Turisti\u010dke zajednice sredi\u0161nje Istre drugom voditelju obrade ako je to tehni\u010dki izvedivo, a ovo pravo ne smije negativno utjecati na prava i slobode drugih.<\/p>\n<\/div>\n<\/div>\n<div class=\"gdpr__table-row\" data-v-711f7d64=\"\">\n<div class=\"gdpr__table-row__item\" data-v-711f7d64=\"\">\n<p class=\"fs-base gdpr__txt\" data-v-711f7d64=\"\">Prava vezana uz automatsko dono\u0161enje odluka i profiliranje<\/p>\n<\/div>\n<div class=\"gdpr__table-row__item\" data-v-711f7d64=\"\">\n<p class=\"fs-base gdpr__txt\" data-v-711f7d64=\"\">Ispitanik ima pravo da se na njega ne odnosi odluka koja se temelji isklju\u010divo na automatiziranoj obradi, uklju\u010duju\u0107i izradu profila, koja proizvodi pravne u\u010dinke koji se na njega odnose ili na sli\u010dan na\u010din zna\u010dajno na njega utje\u010du, osim ako je ta odluka potrebna za sklapanje ili izvr\u0161enje ugovora izme\u0111u ispitanika i Turisti\u010dke zajednice sredi\u0161nje Istre, ako je dopu\u0161tena pravom Unije ili pravom dr\u017eave \u010dlanice kojem podlije\u017ee Turisti\u010dka zajednica sredi\u0161nje Istre ili temeljena na izri\u010ditoj privoli ispitanika.<\/p>\n<\/div>\n<\/div>\n<div class=\"gdpr__table-row\" data-v-711f7d64=\"\">\n<div class=\"gdpr__table-row__item\" data-v-711f7d64=\"\">\n<p class=\"fs-base gdpr__txt\" data-v-711f7d64=\"\">Pravo na povla\u010denje privole<\/p>\n<\/div>\n<div class=\"gdpr__table-row__item\" data-v-711f7d64=\"\">\n<p class=\"fs-base gdpr__txt\" data-v-711f7d64=\"\">Privola ispitanika je jedna od pravnih osnova za obradu podataka koji se odnose na ispitanika. Ispitanik ima pravo u svakom trenutku povu\u0107i privolu koju je dao. Povla\u010denje privole ne utje\u010de na zakonitost obrade podataka koja je u\u010dinjena prije povla\u010denja privole.<\/p>\n<\/div>\n<\/div>\n<div class=\"gdpr__table-row\" data-v-711f7d64=\"\">\n<div class=\"gdpr__table-row__item\" data-v-711f7d64=\"\">\n<p class=\"fs-base gdpr__txt\" data-v-711f7d64=\"\">Pravo na ograni\u010davanje obrade<\/p>\n<\/div>\n<div class=\"gdpr__table-row__item\" data-v-711f7d64=\"\">\n<p class=\"fs-base gdpr__txt\" data-v-711f7d64=\"\">Ispitanik ima tra\u017eiti ograni\u010denje obrade njegovih osobnih podataka: ako osporava to\u010dnost njegovih osobnih podataka - na razdoblje potrebno da Turisti\u010dka zajednica sredi\u0161nje Istre tu to\u010dnost provjeri, ako je obrada njegovih osobnih podataka nezakonita a ne tra\u017ei brisanje nego samo ograni\u010davanje obrade, ako Turisti\u010dka zajednica sredi\u0161nje Istre vi\u0161e ne treba njegove osobne podatke, ali mu je postojanje istih potrebno radi ostvarivanja njegovih pravnih zahtjeva, ako je stavio prigovor na obradu ima pravo tra\u017eiti ograni\u010denje obrade za razdoblje do utvr\u0111enja nadilaze li legitimni razlozi Turisti\u010dke zajednice sredi\u0161nje Istre za obradu njegove razloge iz prigovora.<\/p>\n<\/div>\n<\/div>\n<\/div>\n<p class=\"fs-base gdpr__txt\" data-v-711f7d64=\"\">Radi ostvarivanja svojih prava, ispitanik se treba obratiti slu\u017ebeniku za za\u0161titu osobnih podataka slanjem pisane obavijesti odnosno zahtjeva slu\u017ebeniku za za\u0161titu osobnih podataka Turisti\u010dke zajednice sredi\u0161nje Istre, elektroni\u010dkom po\u0161tom kori\u0161tenjem svoje e-mail adrese koju su dali Turisti\u010dka zajednica sredi\u0161nje Istre ili po\u0161tom na adresu: Velog Jo\u017ee 1, HR-52000 Pazin ili dostavom osobne izjave izravno u poslovnim prostorijama Turisti\u010dke zajednice sredi\u0161nje Istre, uz prethodnu najavu na broj telefona + 385 (0) 52 622 460, uz identifikaciju va\u017ee\u0107im osobnim dokumentom.<\/p>\n<p data-v-711f7d64=\"\">\n<h3 class=\"fs-md gdpr__title\">3. Slu\u017ebenik za za\u0161titu osobnih podataka:<\/h3>\n<p class=\"fs-base gdpr__txt\" data-v-711f7d64=\"\">Turisti\u010dka zajednica sredi\u0161nje Istre je imenovao osobu slu\u017ebenika za za\u0161titu osobnih podataka:<\/p>\n<p class=\"fs-base gdpr__txt\" data-v-711f7d64=\"\">Daniela Rito\u0161a<br data-v-711f7d64=\"\" \/>Broj telefona: + 385 (0) 52 622 460<br data-v-711f7d64=\"\" \/>E-mail: daniela@central-istria.com<\/p>\n<p class=\"fs-base gdpr__txt\" data-v-711f7d64=\"\">Sva pitanja u vezi za\u0161tite osobnih podataka trebaju se uputiti slu\u017ebeniku za za\u0161titu osobnih podataka.<\/p>\n<p data-v-711f7d64=\"\">\n<h3 class=\"fs-md gdpr__title\">4. Na\u010dela za\u0161tite osobnih podataka:<\/h3>\n<p class=\"fs-base gdpr__txt\" data-v-711f7d64=\"\">Turisti\u010dka zajednica sredi\u0161nje Istre smatra da je zakonito i pravilno postupanje s osobnim podacima vrlo va\u017eno te stoga osigurava da se osobni podaci tretiraju zakonito i ispravno. U tu svrhu Turisti\u010dka zajednica sredi\u0161nje IstreE u potpunosti podr\u017eava i pridr\u017eava se Na\u010dela za\u0161tite podataka.<\/p>\n<p class=\"fs-base gdpr__txt\" data-v-711f7d64=\"\">Na\u010dela za\u0161tite podataka zahtijevaju da se osobni podaci:<\/p>\n<ul class=\"gdpr__list\" data-v-711f7d64=\"\">\n<li class=\"gdpr__list__item fs-base\" data-v-711f7d64=\"\">moraju obra\u0111ivati pravedno i zakonito i osobito da ne se ne smiju obra\u0111ivati ako uvjeti odre\u0111eni propisima nisu ispunjeni;<\/li>\n<li class=\"gdpr__list__item fs-base\" data-v-711f7d64=\"\">prikupljaju se samo za jednu ili vi\u0161e odre\u0111enih i zakonitih svrha i ne smiju se dalje obra\u0111ivati ni na koji na\u010din koji bi bio nespojiv s tim svrhama;<\/li>\n<li class=\"gdpr__list__item fs-base\" data-v-711f7d64=\"\">obrada mora biti adekvatna, relevantna i ne pretjerana u odnosu na svrhu ili svrhe za koje se obra\u0111uju, a podaci moraju biti to\u010dni i a\u017eurni;<\/li>\n<li class=\"gdpr__list__item fs-base\" data-v-711f7d64=\"\">ne smiju se zadr\u017eavati du\u017ee nego \u0161to je potrebno za primjenjivu svrhu;<\/li>\n<li class=\"gdpr__list__item fs-base\" data-v-711f7d64=\"\">moraju se obra\u0111ivati u skladu s pravima ispitanika u skladu s va\u017ee\u0107im propisima:<\/li>\n<li class=\"gdpr__list__item fs-base\" data-v-711f7d64=\"\">moraju se poduzeti odgovaraju\u0107e tehni\u010dke i organizacijske mjere protiv neovla\u0161tene ili nezakonite obrade osobnih podataka i protiv slu\u010dajnog gubitka, uni\u0161tavanja ili o\u0161te\u0107enja osobnih podataka;<\/li>\n<li class=\"gdpr__list__item fs-base\" data-v-711f7d64=\"\">ne smije se prenijeti na zemlju ili teritorij izvan EU, osim ako ta dr\u017eava ili teritorij ne osigura odgovaraju\u0107u razinu za\u0161tite prava i sloboda ispitanika u vezi s obradom osobnih podataka.<\/li>\n<\/ul>\n<p>&nbsp;<\/p>\n<h3 class=\"fs-md gdpr__title\">5. Aktivnosti Turisti\u010dke zajednice sredi\u0161nje Istre u vezi obrade podataka:<\/h3>\n<p class=\"fs-base gdpr__txt\" data-v-711f7d64=\"\">Turisti\u010dka zajednica sredi\u0161nje Istre poduzima sljede\u0107e:<\/p>\n<ul class=\"gdpr__list\" data-v-711f7d64=\"\">\n<li class=\"gdpr__list__item fs-base\" data-v-711f7d64=\"\">u potpunosti po\u0161tuje uvjete pravednog prikupljanja i obrade osobnih podataka;<\/li>\n<li class=\"gdpr__list__item fs-base\" data-v-711f7d64=\"\">ispunjava obvezu da specificira svrhu za koju se osobni podatak obra\u0111uje;<\/li>\n<li class=\"gdpr__list__item fs-base\" data-v-711f7d64=\"\">prikuplja i obra\u0111uje adekvatne osobne podatke i to samo u onoj mjeri u kojoj je to potrebno radi ispunjavanja operativnih potreba ili u skladu sa svim zakonskim zahtjevima;<\/li>\n<li class=\"gdpr__list__item fs-base\" data-v-711f7d64=\"\">dostavlja sve potrebne podatke Agenciji za za\u0161titu osobnih podataka;<\/li>\n<li class=\"gdpr__list__item fs-base\" data-v-711f7d64=\"\">vr\u0161i strogu provjeru duljine \u010duvanja osobnih podataka;<\/li>\n<li class=\"gdpr__list__item fs-base\" data-v-711f7d64=\"\">osigurava da se prava osoba, \u010diji podaci se obra\u0111uju, mogu u potpunosti ostvariti u skladu sa za\u0161titom osobnih podataka;<\/li>\n<li class=\"gdpr__list__item fs-base\" data-v-711f7d64=\"\">poduzima odgovaraju\u0107e tehni\u010dke i organizacijske sigurnosne mjere za za\u0161titu osobnih podataka;<\/li>\n<li class=\"gdpr__list__item fs-base\" data-v-711f7d64=\"\">osigurava da se osobni podaci ne prenose u inozemstvo bez osiguravaju\u0107e za\u0161tite;<\/li>\n<li class=\"gdpr__list__item fs-base\" data-v-711f7d64=\"\">tretira sve osobe pravedno i po\u0161teno bez obzira na njihovu dob, vjeru, invalidnost, spol, spolnu orijentaciju ili etni\u010dku pripadnost, kada postupa u vezi njihovih zahtjeva za obavje\u0161tavanjem;<\/li>\n<li class=\"gdpr__list__item fs-base\" data-v-711f7d64=\"\">utvr\u0111uje jasne postupke za odgovaranje na zahtjeve za obavije\u0161tenost<\/li>\n<\/ul>\n<p class=\"fs-base gdpr__txt\" data-v-711f7d64=\"\">Turisti\u010dka zajednica sredi\u0161nje Istre na svojoj Internet stranici mo\u017ee objaviti sadr\u017eaj kola\u010di\u0107a za ogla\u0161avanje i pra\u0107enje statistike prometa temeljeno na interesima i informacijama posjetitelja Internet stranica Turisti\u010dke zajednice sredi\u0161nje Istre sa dru\u0161tvenih mre\u017ea. Ako ispitanik upotrebljava sadr\u017eaj na dru\u0161tvenim mre\u017eama Turisti\u010dke zajednice sredi\u0161nje Istre ili u aplikacijama, kola\u010di\u0107 s navedenih mre\u017ea i aplikacija mogao bi se pohraniti na ure\u0111aju ispitanika s kojeg pristupa Internet stranici Turisti\u010dke zajednice sredi\u0161nje Istre . Posjetitelji imaju pravo isklju\u010diti kola\u010di\u0107e. Internetski preglednici obi\u010dno su programirani tako da im je prihva\u0107anje kola\u010di\u0107a zadana postavka, ali to ispitanici mogu jednostavno podesiti promjenom postavki svog preglednika. Ako ispitanik \u017eeli ograni\u010diti ili blokirati sve kola\u010di\u0107e koje uklju\u010duju web-mjesta\/aplikacije Turisti\u010dke zajednice sredi\u0161nje Istre (\u0161to mo\u017ee onemogu\u0107iti upotrebu odre\u0111enih dijelova web-mjesta) ili druga web-mjesta\/aplikacije, ispitanik to mo\u017ee u\u010diniti u postavkama preglednika.<\/p>\n<p class=\"fs-base gdpr__txt\" data-v-711f7d64=\"\">U slu\u010daju povrede osobnih podataka koje \u0107e vjerojatno prouzro\u010diti visok rizik za prava i slobode ispitanika, Turisti\u010dka zajednica sredi\u0161nje Istre bez nepotrebnog odga\u0111anja obavje\u0161\u0107uje ispitanika o povredi osobnih podataka, osim ako je Turisti\u010dka zajednica sredi\u0161nje Istre poduzela odgovaraju\u0107e tehni\u010dke i organizacijske mjere za\u0161tite i te su mjere primijenjene na osobne podatke pogo\u0111ene povredom osobnih podataka, posebno one koje osobne podatke \u010dine nerazumljivima bilo kojoj osobi koja im nije ovla\u0161tena pristupiti odnosno ako je GTuristi\u010dka zajednica sredi\u0161nje Istre poduzela naknadne mjere kojima se osigurava da vi\u0161e nije vjerojatno da \u0107e do\u0107i do visokog rizika za prava i slobode ispitanika odnosno ako bi se time zahtijevao nerazmjeran napor, u kojem slu\u010daju \u0107e Turisti\u010dka zajednica sredi\u0161nje Istre primijeniti javno obavje\u0161\u0107ivanje ili sli\u010dnu mjeru kojom se ispitanici obavje\u0161\u0107uju na jednako djelotvoran na\u010din.<\/p>\n<p data-v-711f7d64=\"\">\n<h3 class=\"fs-md gdpr__title\">6. Pregled i provjera:<\/h3>\n<p class=\"fs-base gdpr__txt\" data-v-711f7d64=\"\">Turisti\u010dka zajednica sredi\u0161nje Istre ima pravo a\u017eurirati ovu politiku ako je potrebno kako bi odra\u017eavala najbolju praksu i kako bi se osiguralo po\u0161tivanje bilo kakvih promjena ili izmjena u pogledu za\u0161tite osobnih podataka.<\/p>\n<p data-v-711f7d64=\"\">","protected":false},"excerpt":{"rendered":"<p>1. Introduction The company Turisti\u010dka zajednica sredi\u0161nje Istre, established at Velog Jo\u017ee 1, HR-52000 Pazin, VAT No. HR26043528557 (TZSI in further text), in running its business needs to collect and use certain personal data. This policy has been written and implemented to assure that TZSI operates in accordance with its legal, organizational and technical obligations [&hellip;]<\/p>","protected":false},"author":3,"featured_media":0,"parent":0,"menu_order":0,"comment_status":"closed","ping_status":"closed","template":"elementor_theme","meta":{"footnotes":""},"class_list":["post-1506","page","type-page","status-publish","hentry"],"_links":{"self":[{"href":"https:\/\/liveandwork.central-istria.com\/hr\/wp-json\/wp\/v2\/pages\/1506","targetHints":{"allow":["GET"]}}],"collection":[{"href":"https:\/\/liveandwork.central-istria.com\/hr\/wp-json\/wp\/v2\/pages"}],"about":[{"href":"https:\/\/liveandwork.central-istria.com\/hr\/wp-json\/wp\/v2\/types\/page"}],"author":[{"embeddable":true,"href":"https:\/\/liveandwork.central-istria.com\/hr\/wp-json\/wp\/v2\/users\/3"}],"replies":[{"embeddable":true,"href":"https:\/\/liveandwork.central-istria.com\/hr\/wp-json\/wp\/v2\/comments?post=1506"}],"version-history":[{"count":0,"href":"https:\/\/liveandwork.central-istria.com\/hr\/wp-json\/wp\/v2\/pages\/1506\/revisions"}],"wp:attachment":[{"href":"https:\/\/liveandwork.central-istria.com\/hr\/wp-json\/wp\/v2\/media?parent=1506"}],"curies":[{"name":"wp","href":"https:\/\/api.w.org\/{rel}","templated":true}]}}